{"id":516,"date":"2026-01-02T00:34:30","date_gmt":"2026-01-01T21:34:30","guid":{"rendered":"https:\/\/aysrubber.com\/?page_id=516"},"modified":"2026-01-09T00:14:34","modified_gmt":"2026-01-08T21:14:34","slug":"hakkimizda","status":"publish","type":"page","link":"https:\/\/aysrubber.com\/en\/hakkimizda\/","title":{"rendered":"About Us"},"content":{"rendered":"<div class=\"wp-block-columns is-layout-flex wp-container-core-columns-is-layout-9d6595d7 wp-block-columns-is-layout-flex\">\n<div class=\"wp-block-column is-layout-flow wp-block-column-is-layout-flow\">\n<p class=\"has-text-align-left\">Over the past 13 years in the industry, we have gained extensive expertise in every stage of production, from operational processes to technical intricacies. We are now crowning this experience with a new brand identity exclusively focused on the global market. Our objective is to carry the high-quality standards and work discipline we have successfully maintained in Turkey for years directly to international projects through our new brand.<\/p>\n\n\n\n<p class=\"has-text-align-left\">Our core motivation is to bridge our local expertise with the international arena, establishing ourselves as a reliable and competitive player in global markets. By fusing 13 years of field experience with the dynamism of a brand-new identity, we embrace a service philosophy that is transparent, high-standard, and result-oriented at every stage. Our future vision is to become a globally recognized benchmark through our solutions and to solidify our presence in the industry on a worldwide scale.<\/p>\n<\/div>\n\n\n\n<div class=\"wp-block-column is-vertically-aligned-top is-layout-flow wp-block-column-is-layout-flow\">\n<figure class=\"wp-block-image size-full is-resized\"><img loading=\"lazy\" decoding=\"async\" width=\"1024\" height=\"1024\" src=\"https:\/\/aysrubber.com\/wp-content\/uploads\/solar.png\" alt=\"\" class=\"wp-image-406\" style=\"width:404px;height:auto\" srcset=\"https:\/\/aysrubber.com\/wp-content\/uploads\/solar.png 1024w, https:\/\/aysrubber.com\/wp-content\/uploads\/solar-300x300.png 300w, https:\/\/aysrubber.com\/wp-content\/uploads\/solar-150x150.png 150w, https:\/\/aysrubber.com\/wp-content\/uploads\/solar-768x768.png 768w, https:\/\/aysrubber.com\/wp-content\/uploads\/solar-111x111.png 111w\" sizes=\"auto, (max-width: 1024px) 100vw, 1024px\" \/><\/figure>\n<\/div>\n<\/div>\n\n\n\n<h2 class=\"wp-block-heading\">Our Production Philosophy<\/h2>\n\n\n\n<p><strong>Direct Manufacturer Advantage:<\/strong> With no intermediaries involved, we manage all processes from raw material sourcing to final shipment entirely in-house.<br><strong>Technical Precision: <\/strong>All products are manufactured using formulations that strictly comply with international standards.<br><strong>Customized Solutions for Businesses:<\/strong> We provide flexibility in OEM manufacturing through non-standard dimensions, custom hardness values, and production based on your technical drawings.<\/p>\n\n\n\n<div class=\"wp-block-columns is-layout-flex wp-container-core-columns-is-layout-9d6595d7 wp-block-columns-is-layout-flex\">\n<div class=\"wp-block-column is-layout-flow wp-block-column-is-layout-flow\">\n<figure class=\"wp-block-image size-full\"><img loading=\"lazy\" decoding=\"async\" width=\"960\" height=\"960\" src=\"https:\/\/aysrubber.com\/wp-content\/uploads\/gunes-paneli-cerceve-contalari.webp\" alt=\"\" class=\"wp-image-473\" srcset=\"https:\/\/aysrubber.com\/wp-content\/uploads\/gunes-paneli-cerceve-contalari.webp 960w, https:\/\/aysrubber.com\/wp-content\/uploads\/gunes-paneli-cerceve-contalari-300x300.webp 300w, https:\/\/aysrubber.com\/wp-content\/uploads\/gunes-paneli-cerceve-contalari-150x150.webp 150w, https:\/\/aysrubber.com\/wp-content\/uploads\/gunes-paneli-cerceve-contalari-768x768.webp 768w, https:\/\/aysrubber.com\/wp-content\/uploads\/gunes-paneli-cerceve-contalari-111x111.webp 111w\" sizes=\"auto, (max-width: 960px) 100vw, 960px\" \/><\/figure>\n<\/div>\n\n\n\n<div class=\"wp-block-column is-layout-flow wp-block-column-is-layout-flow\">\n<h2 class=\"wp-block-heading\">Product Range and Technical Solutions<\/h2>\n\n\n\n<p><strong>Rubber Extrusion Profiles:<\/strong> Custom profiles based on EPDM, Silicone, Sponge, and FKM (Viton); available in U, T, P, D, and E cross-sections.<br><strong>Industrial Hoses:<\/strong> EPDM and Silicone hose systems suitable for the transfer of hot water, air, steam, and chemicals.<br><strong>Sealing Elements &amp; Solutions:<\/strong> Autoclave seals, enclosure gaskets, lid seals, and comprehensive industrial sealing solutions.<br><strong>O-Rings and Seals:<\/strong> Elastomer sealing components resistant to high pressure and extreme temperatures.<br><strong>Custom OEM Manufacturing:<\/strong> Custom mold design and mass production services based on physical samples or technical drawings.<\/p>\n\n\n\n<h2 class=\"wp-block-heading\">Industries We Serve<\/h2>\n\n\n\n<p><strong>Automotive:<\/strong> Door seals, gaskets, hoses, and sealing components.<br><strong>Defense and Aerospace:<\/strong> Specialized components resistant to harsh environments, high temperatures, and chemicals.<br><strong>Food and Medical:<\/strong>Silicone products; autoclave gaskets and filling line components.<br><strong>Energy and Construction:<\/strong> Solar panel (PV) gaskets and facade insulation profiles.<br><strong>Railway Systems and Shipbuilding<\/strong>: Elastomer solutions resistant to UV radiation and salt water.<\/p>\n<\/div>\n<\/div>","protected":false},"excerpt":{"rendered":"<p>Sekt\u00f6rde geride b\u0131rakt\u0131\u011f\u0131m\u0131z 13 y\u0131l boyunca, operasyonel s\u00fcre\u00e7lerden teknik detaylara kadar her a\u015famada ciddi bir birikim edindik. Bu s\u00fcre zarf\u0131nda kazand\u0131\u011f\u0131m\u0131z deneyimi, \u015fimdi tamamen global pazara odaklanan yeni bir marka kimli\u011fiyle ta\u00e7land\u0131r\u0131yoruz. Amac\u0131m\u0131z, T\u00fcrkiye\u2019de y\u0131llard\u0131r ba\u015far\u0131yla s\u00fcrd\u00fcrd\u00fc\u011f\u00fcm\u00fcz kalite standartlar\u0131n\u0131 ve &hellip; <\/p>","protected":false},"author":1,"featured_media":0,"parent":0,"menu_order":0,"comment_status":"closed","ping_status":"closed","template":"","meta":{"_uag_custom_page_level_css":"","footnotes":""},"class_list":["post-516","page","type-page","status-publish","hentry"],"yoast_head":"<!-- This site is optimized with the Yoast SEO plugin v26.7 - https:\/\/yoast.com\/wordpress\/plugins\/seo\/ -->\n<title>Hakk\u0131m\u0131zda - AYS Rubber<\/title>\n<meta name=\"robots\" content=\"index, follow, max-snippet:-1, max-image-preview:large, max-video-preview:-1\" \/>\n<link rel=\"canonical\" href=\"https:\/\/aysrubber.com\/en\/hakkimizda\/\" \/>\n<meta property=\"og:locale\" content=\"en_US\" \/>\n<meta property=\"og:type\" content=\"article\" \/>\n<meta property=\"og:title\" content=\"Hakk\u0131m\u0131zda - AYS Rubber\" \/>\n<meta property=\"og:description\" content=\"Sekt\u00f6rde geride b\u0131rakt\u0131\u011f\u0131m\u0131z 13 y\u0131l boyunca, operasyonel s\u00fcre\u00e7lerden teknik detaylara kadar her a\u015famada ciddi bir birikim edindik. Bu s\u00fcre zarf\u0131nda kazand\u0131\u011f\u0131m\u0131z deneyimi, \u015fimdi tamamen global pazara odaklanan yeni bir marka kimli\u011fiyle ta\u00e7land\u0131r\u0131yoruz. Amac\u0131m\u0131z, T\u00fcrkiye\u2019de y\u0131llard\u0131r ba\u015far\u0131yla s\u00fcrd\u00fcrd\u00fc\u011f\u00fcm\u00fcz kalite standartlar\u0131n\u0131 ve &hellip;\" \/>\n<meta property=\"og:url\" content=\"https:\/\/aysrubber.com\/en\/hakkimizda\/\" \/>\n<meta property=\"og:site_name\" content=\"AYS Rubber\" \/>\n<meta property=\"article:publisher\" content=\"https:\/\/facebook.com\" \/>\n<meta property=\"article:modified_time\" content=\"2026-01-08T21:14:34+00:00\" \/>\n<meta property=\"og:image\" content=\"https:\/\/aysrubber.com\/wp-content\/uploads\/solar.png\" \/>\n\t<meta property=\"og:image:width\" content=\"1024\" \/>\n\t<meta property=\"og:image:height\" content=\"1024\" \/>\n\t<meta property=\"og:image:type\" content=\"image\/png\" \/>\n<meta name=\"twitter:card\" content=\"summary_large_image\" \/>\n<meta name=\"twitter:label1\" content=\"Est. reading time\" \/>\n\t<meta name=\"twitter:data1\" content=\"3 minutes\" \/>\n<script type=\"application\/ld+json\" class=\"yoast-schema-graph\">{\"@context\":\"https:\/\/schema.org\",\"@graph\":[{\"@type\":\"WebPage\",\"@id\":\"https:\/\/aysrubber.com\/hakkimizda\/\",\"url\":\"https:\/\/aysrubber.com\/hakkimizda\/\",\"name\":\"Hakk\u0131m\u0131zda - AYS Rubber\",\"isPartOf\":{\"@id\":\"https:\/\/aysrubber.com\/en\/#website\"},\"primaryImageOfPage\":{\"@id\":\"https:\/\/aysrubber.com\/hakkimizda\/#primaryimage\"},\"image\":{\"@id\":\"https:\/\/aysrubber.com\/hakkimizda\/#primaryimage\"},\"thumbnailUrl\":\"https:\/\/aysrubber.com\/wp-content\/uploads\/solar.png\",\"datePublished\":\"2026-01-01T21:34:30+00:00\",\"dateModified\":\"2026-01-08T21:14:34+00:00\",\"breadcrumb\":{\"@id\":\"https:\/\/aysrubber.com\/hakkimizda\/#breadcrumb\"},\"inLanguage\":\"en-US\",\"potentialAction\":[{\"@type\":\"ReadAction\",\"target\":[\"https:\/\/aysrubber.com\/hakkimizda\/\"]}]},{\"@type\":\"ImageObject\",\"inLanguage\":\"en-US\",\"@id\":\"https:\/\/aysrubber.com\/hakkimizda\/#primaryimage\",\"url\":\"https:\/\/aysrubber.com\/wp-content\/uploads\/solar.png\",\"contentUrl\":\"https:\/\/aysrubber.com\/wp-content\/uploads\/solar.png\"},{\"@type\":\"BreadcrumbList\",\"@id\":\"https:\/\/aysrubber.com\/hakkimizda\/#breadcrumb\",\"itemListElement\":[{\"@type\":\"ListItem\",\"position\":1,\"name\":\"Anasayfa\",\"item\":\"https:\/\/aysrubber.com\/\"},{\"@type\":\"ListItem\",\"position\":2,\"name\":\"Hakk\u0131m\u0131zda\"}]},{\"@type\":\"WebSite\",\"@id\":\"https:\/\/aysrubber.com\/en\/#website\",\"url\":\"https:\/\/aysrubber.com\/en\/\",\"name\":\"AYS Rubber\",\"description\":\"\",\"publisher\":{\"@id\":\"https:\/\/aysrubber.com\/en\/#organization\"},\"potentialAction\":[{\"@type\":\"SearchAction\",\"target\":{\"@type\":\"EntryPoint\",\"urlTemplate\":\"https:\/\/aysrubber.com\/en\/?s={search_term_string}\"},\"query-input\":{\"@type\":\"PropertyValueSpecification\",\"valueRequired\":true,\"valueName\":\"search_term_string\"}}],\"inLanguage\":\"en-US\"},{\"@type\":\"Organization\",\"@id\":\"https:\/\/aysrubber.com\/en\/#organization\",\"name\":\"AYS Rubber\",\"url\":\"https:\/\/aysrubber.com\/en\/\",\"logo\":{\"@type\":\"ImageObject\",\"inLanguage\":\"en-US\",\"@id\":\"https:\/\/aysrubber.com\/en\/#\/schema\/logo\/image\/\",\"url\":\"https:\/\/aysrubber.com\/wp-content\/uploads\/cropped-LOGO.png\",\"contentUrl\":\"https:\/\/aysrubber.com\/wp-content\/uploads\/cropped-LOGO.png\",\"width\":1090,\"height\":200,\"caption\":\"AYS Rubber\"},\"image\":{\"@id\":\"https:\/\/aysrubber.com\/en\/#\/schema\/logo\/image\/\"},\"sameAs\":[\"https:\/\/facebook.com\",\"https:\/\/www.linkedin.com\/\"]}]}<\/script>\n<!-- \/ Yoast SEO plugin. -->","yoast_head_json":{"title":"Hakk\u0131m\u0131zda - AYS Rubber","robots":{"index":"index","follow":"follow","max-snippet":"max-snippet:-1","max-image-preview":"max-image-preview:large","max-video-preview":"max-video-preview:-1"},"canonical":"https:\/\/aysrubber.com\/en\/hakkimizda\/","og_locale":"en_US","og_type":"article","og_title":"Hakk\u0131m\u0131zda - AYS Rubber","og_description":"Sekt\u00f6rde geride b\u0131rakt\u0131\u011f\u0131m\u0131z 13 y\u0131l boyunca, operasyonel s\u00fcre\u00e7lerden teknik detaylara kadar her a\u015famada ciddi bir birikim edindik. Bu s\u00fcre zarf\u0131nda kazand\u0131\u011f\u0131m\u0131z deneyimi, \u015fimdi tamamen global pazara odaklanan yeni bir marka kimli\u011fiyle ta\u00e7land\u0131r\u0131yoruz. Amac\u0131m\u0131z, T\u00fcrkiye\u2019de y\u0131llard\u0131r ba\u015far\u0131yla s\u00fcrd\u00fcrd\u00fc\u011f\u00fcm\u00fcz kalite standartlar\u0131n\u0131 ve &hellip;","og_url":"https:\/\/aysrubber.com\/en\/hakkimizda\/","og_site_name":"AYS Rubber","article_publisher":"https:\/\/facebook.com","article_modified_time":"2026-01-08T21:14:34+00:00","og_image":[{"width":1024,"height":1024,"url":"https:\/\/aysrubber.com\/wp-content\/uploads\/solar.png","type":"image\/png"}],"twitter_card":"summary_large_image","twitter_misc":{"Est. reading time":"3 minutes"},"schema":{"@context":"https:\/\/schema.org","@graph":[{"@type":"WebPage","@id":"https:\/\/aysrubber.com\/hakkimizda\/","url":"https:\/\/aysrubber.com\/hakkimizda\/","name":"Hakk\u0131m\u0131zda - AYS Rubber","isPartOf":{"@id":"https:\/\/aysrubber.com\/en\/#website"},"primaryImageOfPage":{"@id":"https:\/\/aysrubber.com\/hakkimizda\/#primaryimage"},"image":{"@id":"https:\/\/aysrubber.com\/hakkimizda\/#primaryimage"},"thumbnailUrl":"https:\/\/aysrubber.com\/wp-content\/uploads\/solar.png","datePublished":"2026-01-01T21:34:30+00:00","dateModified":"2026-01-08T21:14:34+00:00","breadcrumb":{"@id":"https:\/\/aysrubber.com\/hakkimizda\/#breadcrumb"},"inLanguage":"en-US","potentialAction":[{"@type":"ReadAction","target":["https:\/\/aysrubber.com\/hakkimizda\/"]}]},{"@type":"ImageObject","inLanguage":"en-US","@id":"https:\/\/aysrubber.com\/hakkimizda\/#primaryimage","url":"https:\/\/aysrubber.com\/wp-content\/uploads\/solar.png","contentUrl":"https:\/\/aysrubber.com\/wp-content\/uploads\/solar.png"},{"@type":"BreadcrumbList","@id":"https:\/\/aysrubber.com\/hakkimizda\/#breadcrumb","itemListElement":[{"@type":"ListItem","position":1,"name":"Anasayfa","item":"https:\/\/aysrubber.com\/"},{"@type":"ListItem","position":2,"name":"Hakk\u0131m\u0131zda"}]},{"@type":"WebSite","@id":"https:\/\/aysrubber.com\/en\/#website","url":"https:\/\/aysrubber.com\/en\/","name":"AYS Rubber","description":"","publisher":{"@id":"https:\/\/aysrubber.com\/en\/#organization"},"potentialAction":[{"@type":"SearchAction","target":{"@type":"EntryPoint","urlTemplate":"https:\/\/aysrubber.com\/en\/?s={search_term_string}"},"query-input":{"@type":"PropertyValueSpecification","valueRequired":true,"valueName":"search_term_string"}}],"inLanguage":"en-US"},{"@type":"Organization","@id":"https:\/\/aysrubber.com\/en\/#organization","name":"AYS Rubber","url":"https:\/\/aysrubber.com\/en\/","logo":{"@type":"ImageObject","inLanguage":"en-US","@id":"https:\/\/aysrubber.com\/en\/#\/schema\/logo\/image\/","url":"https:\/\/aysrubber.com\/wp-content\/uploads\/cropped-LOGO.png","contentUrl":"https:\/\/aysrubber.com\/wp-content\/uploads\/cropped-LOGO.png","width":1090,"height":200,"caption":"AYS Rubber"},"image":{"@id":"https:\/\/aysrubber.com\/en\/#\/schema\/logo\/image\/"},"sameAs":["https:\/\/facebook.com","https:\/\/www.linkedin.com\/"]}]}},"uagb_featured_image_src":{"full":false,"thumbnail":false,"medium":false,"medium_large":false,"large":false,"1536x1536":false,"2048x2048":false,"trp-custom-language-flag":false,"business-one-page-post-thumb":false,"business-one-page-slider":false,"business-one-page-full":false,"business-one-page-with-sidebar":false,"business-one-page-cat-blog":false,"business-one-page-blog":false,"business-one-page-testimonial":false,"business-one-page-team":false,"business-one-page-360x340":false,"business-one-page-360x380":false,"business-one-page-360x500":false},"uagb_author_info":{"display_name":"portal","author_link":"https:\/\/aysrubber.com\/en\/author\/portal\/"},"uagb_comment_info":0,"uagb_excerpt":"Sekt\u00f6rde geride b\u0131rakt\u0131\u011f\u0131m\u0131z 13 y\u0131l boyunca, operasyonel s\u00fcre\u00e7lerden teknik detaylara kadar her a\u015famada ciddi bir birikim edindik. Bu s\u00fcre zarf\u0131nda kazand\u0131\u011f\u0131m\u0131z deneyimi, \u015fimdi tamamen global pazara odaklanan yeni bir marka kimli\u011fiyle ta\u00e7land\u0131r\u0131yoruz. Amac\u0131m\u0131z, T\u00fcrkiye\u2019de y\u0131llard\u0131r ba\u015far\u0131yla s\u00fcrd\u00fcrd\u00fc\u011f\u00fcm\u00fcz kalite standartlar\u0131n\u0131 ve &hellip;","_links":{"self":[{"href":"https:\/\/aysrubber.com\/en\/wp-json\/wp\/v2\/pages\/516","targetHints":{"allow":["GET"]}}],"collection":[{"href":"https:\/\/aysrubber.com\/en\/wp-json\/wp\/v2\/pages"}],"about":[{"href":"https:\/\/aysrubber.com\/en\/wp-json\/wp\/v2\/types\/page"}],"author":[{"embeddable":true,"href":"https:\/\/aysrubber.com\/en\/wp-json\/wp\/v2\/users\/1"}],"replies":[{"embeddable":true,"href":"https:\/\/aysrubber.com\/en\/wp-json\/wp\/v2\/comments?post=516"}],"version-history":[{"count":5,"href":"https:\/\/aysrubber.com\/en\/wp-json\/wp\/v2\/pages\/516\/revisions"}],"predecessor-version":[{"id":727,"href":"https:\/\/aysrubber.com\/en\/wp-json\/wp\/v2\/pages\/516\/revisions\/727"}],"wp:attachment":[{"href":"https:\/\/aysrubber.com\/en\/wp-json\/wp\/v2\/media?parent=516"}],"curies":[{"name":"wp","href":"https:\/\/api.w.org\/{rel}","templated":true}]}}