{"id":352,"date":"2025-12-28T15:32:36","date_gmt":"2025-12-28T12:32:36","guid":{"rendered":"https:\/\/aysrubber.com\/?page_id=352"},"modified":"2026-01-09T00:14:35","modified_gmt":"2026-01-08T21:14:35","slug":"urunlerimiz","status":"publish","type":"page","link":"https:\/\/aysrubber.com\/en\/urunlerimiz\/","title":{"rendered":"Products"},"content":{"rendered":"<section class=\"ays-categories\">\n  <p class=\"ays-section-sub\">Browse our product categories from our industrial rubber solutions.<\/p>\n\n  <ul class=\"ays-grid\" role=\"list\">\n\n    <li class=\"ays-card\"><a href=\"https:\/\/aysrubber.com\/en\/kategori\/urunler\/epdm-profiller\/\">\n      <span class=\"ays-icon\" aria-hidden=\"true\">\n        <svg width=\"48\" height=\"48\" viewbox=\"0 0 24 24\" fill=\"none\" stroke=\"currentColor\" stroke-width=\"1.5\" stroke-linecap=\"round\" stroke-linejoin=\"round\">\n          <path d=\"M4 10h16v4H4z\" \/>\n          <path d=\"M4 10V6a2 2 0 0 1 2-2h12a2 2 0 0 1 2 2v4\" \/>\n          <path d=\"M4 14v4a2 2 0 0 0 2 2h12a2 2 0 0 0 2-2v-4\" \/>\n        <\/svg>\n      <\/span>\n      <strong class=\"ays-card-title\">Epdm Profiles<\/strong>\n      <span class=\"ays-card-desc\">Durable EPDM profile solutions for air, ozone and water tightness.<\/span>\n    <\/a><\/li>\n\n    <li class=\"ays-card\"><a href=\"https:\/\/aysrubber.com\/en\/kategori\/urunler\/fkm-viton-profiller\/\">\n      <span class=\"ays-icon\" aria-hidden=\"true\">\n        <svg width=\"48\" height=\"48\" viewbox=\"0 0 24 24\" fill=\"none\" stroke=\"currentColor\" stroke-width=\"1.5\" stroke-linecap=\"round\" stroke-linejoin=\"round\">\n          <path d=\"M12 22s8-4 8-10V5l-8-3-8 3v7c0 6 8 10 8 10z\" \/>\n          <path d=\"M12 8v8\" stroke-width=\"2\" \/>\n          <path d=\"M12 16h.01\" stroke-width=\"3\" \/>\n        <\/svg>\n      <\/span>\n      <strong class=\"ays-card-title\">Fkm Viton Profiles<\/strong>\n      <span class=\"ays-card-desc\">Special Viton (FKM) profiles resistant to high temperatures and heavy chemicals.<\/span>\n    <\/a><\/li>\n\n    <li class=\"ays-card\"><a href=\"https:\/\/aysrubber.com\/en\/kategori\/urunler\/hortumlar\/\">\n      <span class=\"ays-icon\" aria-hidden=\"true\">\n        <svg width=\"48\" height=\"48\" viewbox=\"0 0 24 24\" fill=\"none\" stroke=\"currentColor\" stroke-width=\"1.5\" stroke-linecap=\"round\" stroke-linejoin=\"round\">\n          <path d=\"M4 10c0-4.4 3.6-8 8-8s8 3.6 8 8v10\" \/>\n          <path d=\"M4 10v10\" \/>\n          <path d=\"M4 20h16\" stroke-dasharray=\"2 2\" \/>\n          <path d=\"M16 10h4\" \/>\n          <path d=\"M16 14h4\" \/>\n          <path d=\"M16 18h4\" \/>\n        <\/svg>\n      <\/span>\n      <strong class=\"ays-card-title\">Hoses<\/strong>\n      <span class=\"ays-card-desc\">Flexible and durable hoses for industry, air, water and chemical transfer.<\/span>\n    <\/a><\/li>\n\n    <li class=\"ays-card\"><a href=\"https:\/\/aysrubber.com\/en\/kategori\/urunler\/nbr-profiller\/\">\n      <span class=\"ays-icon\" aria-hidden=\"true\">\n        <svg width=\"48\" height=\"48\" viewbox=\"0 0 24 24\" fill=\"none\" stroke=\"currentColor\" stroke-width=\"1.5\" stroke-linecap=\"round\" stroke-linejoin=\"round\">\n          <path d=\"M12 2.5a5.5 5.5 0 0 1 5.5 5.5c0 3.5-5.5 10.5-5.5 10.5S6.5 11.5 6.5 8a5.5 5.5 0 0 1 5.5-5.5z\" \/>\n          <circle cx=\"12\" cy=\"8\" r=\"2\" \/>\n        <\/svg>\n      <\/span>\n      <strong class=\"ays-card-title\">Nbr Profiles<\/strong>\n      <span class=\"ays-card-desc\">Nitrile rubber profiles with high resistance to oil, fuel and petroleum derivatives.<\/span>\n    <\/a><\/li>\n\n    <li class=\"ays-card\"><a href=\"https:\/\/aysrubber.com\/en\/kategori\/urunler\/nutring-keceler\/\">\n      <span class=\"ays-icon\" aria-hidden=\"true\">\n        <svg width=\"48\" height=\"48\" viewbox=\"0 0 24 24\" fill=\"none\" stroke=\"currentColor\" stroke-width=\"1.5\" stroke-linecap=\"round\" stroke-linejoin=\"round\">\n          <circle cx=\"12\" cy=\"12\" r=\"9\" \/>\n          <circle cx=\"12\" cy=\"12\" r=\"5\" \/>\n          <path d=\"M12 3v2\" \/>\n          <path d=\"M12 19v2\" \/>\n          <path d=\"M3 12h2\" \/>\n          <path d=\"M19 12h2\" \/>\n        <\/svg>\n      <\/span>\n      <strong class=\"ays-card-title\">Nutring Felts<\/strong>\n      <span class=\"ays-card-desc\">Sealing elements for hydraulic and pneumatic cylinder systems.<\/span>\n    <\/a><\/li>\n\n    <li class=\"ays-card\"><a href=\"https:\/\/aysrubber.com\/en\/kategori\/urunler\/silikon-profiller\/\">\n      <span class=\"ays-icon\" aria-hidden=\"true\">\n        <svg width=\"48\" height=\"48\" viewbox=\"0 0 24 24\" fill=\"none\" stroke=\"currentColor\" stroke-width=\"1.5\" stroke-linecap=\"round\" stroke-linejoin=\"round\">\n          <path d=\"M2 12c0-3 2-5 5-5s5 2 5 5 2 5 5 5 5-2 5-5\" \/>\n          <path d=\"M2 16c0-3 2-5 5-5s5 2 5 5 2 5 5 5 5-2 5-5\" opacity=\"0.5\" \/>\n        <\/svg>\n      <\/span>\n      <strong class=\"ays-card-title\">Silicone Profiles<\/strong>\n      <span class=\"ays-card-desc\">High and low temperature resistant silicones for food and medical use.<\/span>\n    <\/a><\/li>\n\n    <li class=\"ays-card\"><a href=\"https:\/\/aysrubber.com\/en\/kategori\/urunler\/sunger-profiller\/\">\n      <span class=\"ays-icon\" aria-hidden=\"true\">\n        <svg width=\"48\" height=\"48\" viewbox=\"0 0 24 24\" fill=\"none\" stroke=\"currentColor\" stroke-width=\"1.5\" stroke-linecap=\"round\" stroke-linejoin=\"round\">\n          <rect x=\"4\" y=\"4\" width=\"16\" height=\"16\" rx=\"2\" \/>\n          <circle cx=\"9\" cy=\"9\" r=\"1\" fill=\"currentColor\" \/>\n          <circle cx=\"15\" cy=\"9\" r=\"1\" fill=\"currentColor\" \/>\n          <circle cx=\"9\" cy=\"15\" r=\"1\" fill=\"currentColor\" \/>\n          <circle cx=\"15\" cy=\"15\" r=\"1\" fill=\"currentColor\" \/>\n          <circle cx=\"12\" cy=\"12\" r=\"1\" fill=\"currentColor\" \/>\n        <\/svg>\n      <\/span>\n      <strong class=\"ays-card-title\">Sponge Profiles<\/strong>\n      <span class=\"ays-card-desc\">Porous sponge rubbers for insulation, shock absorption and sealing.<\/span>\n    <\/a><\/li>\n\n  <\/ul>\n<\/section>","protected":false},"excerpt":{"rendered":"<p>End\u00fcstriyel kau\u00e7uk \u00e7\u00f6z\u00fcmlerimizden \u00fcr\u00fcn kategorilerimize g\u00f6z at\u0131n. Epdm Profiller Hava, ozon ve su s\u0131zd\u0131rmazl\u0131\u011f\u0131 sa\u011flayan dayan\u0131kl\u0131 EPDM profil \u00e7\u00f6z\u00fcmleri. Fkm Viton Profiller Y\u00fcksek \u0131s\u0131ya ve a\u011f\u0131r kimyasallara dayan\u0131kl\u0131 \u00f6zel Viton (FKM) profiller. Hortumlar Sanayi, hava, su ve kimyasal transferi i\u00e7in &hellip; <\/p>","protected":false},"author":1,"featured_media":0,"parent":0,"menu_order":0,"comment_status":"closed","ping_status":"closed","template":"","meta":{"_uag_custom_page_level_css":"","footnotes":""},"class_list":["post-352","page","type-page","status-publish","hentry"],"yoast_head":"<!-- This site is optimized with the Yoast SEO plugin v26.7 - https:\/\/yoast.com\/wordpress\/plugins\/seo\/ -->\n<title>\u00dcr\u00fcnlerimiz - AYS Rubber<\/title>\n<meta name=\"robots\" content=\"index, follow, max-snippet:-1, max-image-preview:large, max-video-preview:-1\" \/>\n<link rel=\"canonical\" href=\"https:\/\/aysrubber.com\/en\/urunlerimiz\/\" \/>\n<meta property=\"og:locale\" content=\"en_US\" \/>\n<meta property=\"og:type\" content=\"article\" \/>\n<meta property=\"og:title\" content=\"\u00dcr\u00fcnlerimiz - AYS Rubber\" \/>\n<meta property=\"og:description\" content=\"End\u00fcstriyel kau\u00e7uk \u00e7\u00f6z\u00fcmlerimizden \u00fcr\u00fcn kategorilerimize g\u00f6z at\u0131n. Epdm Profiller Hava, ozon ve su s\u0131zd\u0131rmazl\u0131\u011f\u0131 sa\u011flayan dayan\u0131kl\u0131 EPDM profil \u00e7\u00f6z\u00fcmleri. Fkm Viton Profiller Y\u00fcksek \u0131s\u0131ya ve a\u011f\u0131r kimyasallara dayan\u0131kl\u0131 \u00f6zel Viton (FKM) profiller. Hortumlar Sanayi, hava, su ve kimyasal transferi i\u00e7in &hellip;\" \/>\n<meta property=\"og:url\" content=\"https:\/\/aysrubber.com\/en\/urunlerimiz\/\" \/>\n<meta property=\"og:site_name\" content=\"AYS Rubber\" \/>\n<meta property=\"article:publisher\" content=\"https:\/\/facebook.com\" \/>\n<meta property=\"article:modified_time\" content=\"2026-01-08T21:14:35+00:00\" \/>\n<meta name=\"twitter:card\" content=\"summary_large_image\" \/>\n<meta name=\"twitter:label1\" content=\"Est. reading time\" \/>\n\t<meta name=\"twitter:data1\" content=\"1 minute\" \/>\n<script type=\"application\/ld+json\" class=\"yoast-schema-graph\">{\"@context\":\"https:\/\/schema.org\",\"@graph\":[{\"@type\":\"WebPage\",\"@id\":\"https:\/\/aysrubber.com\/urunlerimiz\/\",\"url\":\"https:\/\/aysrubber.com\/urunlerimiz\/\",\"name\":\"\u00dcr\u00fcnlerimiz - AYS Rubber\",\"isPartOf\":{\"@id\":\"https:\/\/aysrubber.com\/en\/#website\"},\"datePublished\":\"2025-12-28T12:32:36+00:00\",\"dateModified\":\"2026-01-08T21:14:35+00:00\",\"breadcrumb\":{\"@id\":\"https:\/\/aysrubber.com\/urunlerimiz\/#breadcrumb\"},\"inLanguage\":\"en-US\",\"potentialAction\":[{\"@type\":\"ReadAction\",\"target\":[\"https:\/\/aysrubber.com\/urunlerimiz\/\"]}]},{\"@type\":\"BreadcrumbList\",\"@id\":\"https:\/\/aysrubber.com\/urunlerimiz\/#breadcrumb\",\"itemListElement\":[{\"@type\":\"ListItem\",\"position\":1,\"name\":\"Anasayfa\",\"item\":\"https:\/\/aysrubber.com\/\"},{\"@type\":\"ListItem\",\"position\":2,\"name\":\"\u00dcr\u00fcnlerimiz\"}]},{\"@type\":\"WebSite\",\"@id\":\"https:\/\/aysrubber.com\/en\/#website\",\"url\":\"https:\/\/aysrubber.com\/en\/\",\"name\":\"AYS Rubber\",\"description\":\"\",\"publisher\":{\"@id\":\"https:\/\/aysrubber.com\/en\/#organization\"},\"potentialAction\":[{\"@type\":\"SearchAction\",\"target\":{\"@type\":\"EntryPoint\",\"urlTemplate\":\"https:\/\/aysrubber.com\/en\/?s={search_term_string}\"},\"query-input\":{\"@type\":\"PropertyValueSpecification\",\"valueRequired\":true,\"valueName\":\"search_term_string\"}}],\"inLanguage\":\"en-US\"},{\"@type\":\"Organization\",\"@id\":\"https:\/\/aysrubber.com\/en\/#organization\",\"name\":\"AYS Rubber\",\"url\":\"https:\/\/aysrubber.com\/en\/\",\"logo\":{\"@type\":\"ImageObject\",\"inLanguage\":\"en-US\",\"@id\":\"https:\/\/aysrubber.com\/en\/#\/schema\/logo\/image\/\",\"url\":\"https:\/\/aysrubber.com\/wp-content\/uploads\/cropped-LOGO.png\",\"contentUrl\":\"https:\/\/aysrubber.com\/wp-content\/uploads\/cropped-LOGO.png\",\"width\":1090,\"height\":200,\"caption\":\"AYS Rubber\"},\"image\":{\"@id\":\"https:\/\/aysrubber.com\/en\/#\/schema\/logo\/image\/\"},\"sameAs\":[\"https:\/\/facebook.com\",\"https:\/\/www.linkedin.com\/\"]}]}<\/script>\n<!-- \/ Yoast SEO plugin. -->","yoast_head_json":{"title":"\u00dcr\u00fcnlerimiz - AYS Rubber","robots":{"index":"index","follow":"follow","max-snippet":"max-snippet:-1","max-image-preview":"max-image-preview:large","max-video-preview":"max-video-preview:-1"},"canonical":"https:\/\/aysrubber.com\/en\/urunlerimiz\/","og_locale":"en_US","og_type":"article","og_title":"\u00dcr\u00fcnlerimiz - AYS Rubber","og_description":"End\u00fcstriyel kau\u00e7uk \u00e7\u00f6z\u00fcmlerimizden \u00fcr\u00fcn kategorilerimize g\u00f6z at\u0131n. Epdm Profiller Hava, ozon ve su s\u0131zd\u0131rmazl\u0131\u011f\u0131 sa\u011flayan dayan\u0131kl\u0131 EPDM profil \u00e7\u00f6z\u00fcmleri. Fkm Viton Profiller Y\u00fcksek \u0131s\u0131ya ve a\u011f\u0131r kimyasallara dayan\u0131kl\u0131 \u00f6zel Viton (FKM) profiller. Hortumlar Sanayi, hava, su ve kimyasal transferi i\u00e7in &hellip;","og_url":"https:\/\/aysrubber.com\/en\/urunlerimiz\/","og_site_name":"AYS Rubber","article_publisher":"https:\/\/facebook.com","article_modified_time":"2026-01-08T21:14:35+00:00","twitter_card":"summary_large_image","twitter_misc":{"Est. reading time":"1 minute"},"schema":{"@context":"https:\/\/schema.org","@graph":[{"@type":"WebPage","@id":"https:\/\/aysrubber.com\/urunlerimiz\/","url":"https:\/\/aysrubber.com\/urunlerimiz\/","name":"\u00dcr\u00fcnlerimiz - AYS Rubber","isPartOf":{"@id":"https:\/\/aysrubber.com\/en\/#website"},"datePublished":"2025-12-28T12:32:36+00:00","dateModified":"2026-01-08T21:14:35+00:00","breadcrumb":{"@id":"https:\/\/aysrubber.com\/urunlerimiz\/#breadcrumb"},"inLanguage":"en-US","potentialAction":[{"@type":"ReadAction","target":["https:\/\/aysrubber.com\/urunlerimiz\/"]}]},{"@type":"BreadcrumbList","@id":"https:\/\/aysrubber.com\/urunlerimiz\/#breadcrumb","itemListElement":[{"@type":"ListItem","position":1,"name":"Anasayfa","item":"https:\/\/aysrubber.com\/"},{"@type":"ListItem","position":2,"name":"\u00dcr\u00fcnlerimiz"}]},{"@type":"WebSite","@id":"https:\/\/aysrubber.com\/en\/#website","url":"https:\/\/aysrubber.com\/en\/","name":"AYS Rubber","description":"","publisher":{"@id":"https:\/\/aysrubber.com\/en\/#organization"},"potentialAction":[{"@type":"SearchAction","target":{"@type":"EntryPoint","urlTemplate":"https:\/\/aysrubber.com\/en\/?s={search_term_string}"},"query-input":{"@type":"PropertyValueSpecification","valueRequired":true,"valueName":"search_term_string"}}],"inLanguage":"en-US"},{"@type":"Organization","@id":"https:\/\/aysrubber.com\/en\/#organization","name":"AYS Rubber","url":"https:\/\/aysrubber.com\/en\/","logo":{"@type":"ImageObject","inLanguage":"en-US","@id":"https:\/\/aysrubber.com\/en\/#\/schema\/logo\/image\/","url":"https:\/\/aysrubber.com\/wp-content\/uploads\/cropped-LOGO.png","contentUrl":"https:\/\/aysrubber.com\/wp-content\/uploads\/cropped-LOGO.png","width":1090,"height":200,"caption":"AYS Rubber"},"image":{"@id":"https:\/\/aysrubber.com\/en\/#\/schema\/logo\/image\/"},"sameAs":["https:\/\/facebook.com","https:\/\/www.linkedin.com\/"]}]}},"uagb_featured_image_src":{"full":false,"thumbnail":false,"medium":false,"medium_large":false,"large":false,"1536x1536":false,"2048x2048":false,"trp-custom-language-flag":false,"business-one-page-post-thumb":false,"business-one-page-slider":false,"business-one-page-full":false,"business-one-page-with-sidebar":false,"business-one-page-cat-blog":false,"business-one-page-blog":false,"business-one-page-testimonial":false,"business-one-page-team":false,"business-one-page-360x340":false,"business-one-page-360x380":false,"business-one-page-360x500":false},"uagb_author_info":{"display_name":"portal","author_link":"https:\/\/aysrubber.com\/en\/author\/portal\/"},"uagb_comment_info":0,"uagb_excerpt":"End\u00fcstriyel kau\u00e7uk \u00e7\u00f6z\u00fcmlerimizden \u00fcr\u00fcn kategorilerimize g\u00f6z at\u0131n. Epdm Profiller Hava, ozon ve su s\u0131zd\u0131rmazl\u0131\u011f\u0131 sa\u011flayan dayan\u0131kl\u0131 EPDM profil \u00e7\u00f6z\u00fcmleri. Fkm Viton Profiller Y\u00fcksek \u0131s\u0131ya ve a\u011f\u0131r kimyasallara dayan\u0131kl\u0131 \u00f6zel Viton (FKM) profiller. Hortumlar Sanayi, hava, su ve kimyasal transferi i\u00e7in &hellip;","_links":{"self":[{"href":"https:\/\/aysrubber.com\/en\/wp-json\/wp\/v2\/pages\/352","targetHints":{"allow":["GET"]}}],"collection":[{"href":"https:\/\/aysrubber.com\/en\/wp-json\/wp\/v2\/pages"}],"about":[{"href":"https:\/\/aysrubber.com\/en\/wp-json\/wp\/v2\/types\/page"}],"author":[{"embeddable":true,"href":"https:\/\/aysrubber.com\/en\/wp-json\/wp\/v2\/users\/1"}],"replies":[{"embeddable":true,"href":"https:\/\/aysrubber.com\/en\/wp-json\/wp\/v2\/comments?post=352"}],"version-history":[{"count":5,"href":"https:\/\/aysrubber.com\/en\/wp-json\/wp\/v2\/pages\/352\/revisions"}],"predecessor-version":[{"id":511,"href":"https:\/\/aysrubber.com\/en\/wp-json\/wp\/v2\/pages\/352\/revisions\/511"}],"wp:attachment":[{"href":"https:\/\/aysrubber.com\/en\/wp-json\/wp\/v2\/media?parent=352"}],"curies":[{"name":"wp","href":"https:\/\/api.w.org\/{rel}","templated":true}]}}